{"id":83,"date":"2024-09-24T15:14:20","date_gmt":"2024-09-24T15:14:20","guid":{"rendered":"http:\/\/project-master.igic.bas.bg\/?page_id=83"},"modified":"2024-10-17T12:40:00","modified_gmt":"2024-10-17T12:40:00","slug":"team","status":"publish","type":"page","link":"http:\/\/project-master.igic.bas.bg\/?page_id=83","title":{"rendered":"Team"},"content":{"rendered":"\n<div class=\"wp-block-columns is-layout-flex wp-container-core-columns-is-layout-9d6595d7 wp-block-columns-is-layout-flex\">\n<div class=\"wp-block-column is-layout-flow wp-block-column-is-layout-flow\">\n<div class=\"wp-block-columns is-layout-flex wp-container-core-columns-is-layout-9d6595d7 wp-block-columns-is-layout-flex\">\n<div class=\"wp-block-column is-layout-flow wp-block-column-is-layout-flow\"><div class=\"wp-block-image\">\n<figure class=\"aligncenter size-full is-resized\"><a href=\"https:\/\/www.igic.bas.bg\/en\/intermetallics-and-intercalation-materials\/\" target=\"_blank\" rel=\"noreferrer noopener\"><img loading=\"lazy\" decoding=\"async\" width=\"300\" height=\"266\" src=\"http:\/\/project-master.igic.bas.bg\/wp-content\/uploads\/2024\/02\/IONH_logo-300x266-1.jpg\" alt=\"\" class=\"wp-image-25\" style=\"width:auto;height:150px\"\/><\/a><\/figure>\n<\/div>\n\n\n<p class=\"has-text-align-center\"><strong><a href=\"https:\/\/www.igic.bas.bg\/en\/intermetallics-and-intercalation-materials\/\" data-type=\"link\" data-id=\"https:\/\/www.igic.bas.bg\/en\/intermetallics-and-intercalation-materials\/\" target=\"_blank\" rel=\"noreferrer noopener\">IGIC, Bulgarian Academy of <\/a><br><a href=\"https:\/\/www.igic.bas.bg\/en\/intermetallics-and-intercalation-materials\/\" data-type=\"link\" data-id=\"https:\/\/www.igic.bas.bg\/en\/intermetallics-and-intercalation-materials\/\" target=\"_blank\" rel=\"noreferrer noopener\">Sciences, Bulgaria<\/a><\/strong><\/p>\n\n\n\n<p class=\"has-text-align-center addr-par\">Institute of General and Inorganic Chemistry, Bulgarian Academy of Sciences, 1113 Sofia \u201cAcad. Georgi Bonchev\u201d str. bld.11, Bulgaria<\/p>\n\n\n<div class=\"wp-block-image is-style-rounded\">\n<figure class=\"aligncenter size-full\"><img loading=\"lazy\" decoding=\"async\" width=\"216\" height=\"216\" src=\"http:\/\/project-master.igic.bas.bg\/wp-content\/uploads\/2024\/09\/RStoyanova216x216-4.jpg\" alt=\"\" class=\"wp-image-257\" srcset=\"http:\/\/project-master.igic.bas.bg\/wp-content\/uploads\/2024\/09\/RStoyanova216x216-4.jpg 216w, http:\/\/project-master.igic.bas.bg\/wp-content\/uploads\/2024\/09\/RStoyanova216x216-4-150x150.jpg 150w\" sizes=\"auto, (max-width: 216px) 100vw, 216px\" \/><figcaption class=\"wp-element-caption\"><strong>Prof. Radostina Stoyanova<\/strong><\/figcaption><\/figure>\n<\/div>\n\n<div class=\"wp-block-image is-style-rounded\">\n<figure class=\"aligncenter size-full\"><img loading=\"lazy\" decoding=\"async\" width=\"216\" height=\"216\" src=\"http:\/\/project-master.igic.bas.bg\/wp-content\/uploads\/2024\/09\/RStoyanova216x216-2.jpg\" alt=\"\" class=\"wp-image-252\" srcset=\"http:\/\/project-master.igic.bas.bg\/wp-content\/uploads\/2024\/09\/RStoyanova216x216-2.jpg 216w, http:\/\/project-master.igic.bas.bg\/wp-content\/uploads\/2024\/09\/RStoyanova216x216-2-150x150.jpg 150w\" sizes=\"auto, (max-width: 216px) 100vw, 216px\" \/><figcaption class=\"wp-element-caption\"><strong>Prof. Violeta Koleva<\/strong><\/figcaption><\/figure>\n<\/div><\/div>\n\n\n\n<div class=\"wp-block-column is-layout-flow wp-block-column-is-layout-flow\"><div class=\"wp-block-image\">\n<figure class=\"aligncenter size-full is-resized\"><a href=\"https:\/\/www.uco.es\/qieiq\/index.php\/miembros\/31-quimica-inorganica\" target=\"_blank\" rel=\"noreferrer noopener\"><img loading=\"lazy\" decoding=\"async\" width=\"442\" height=\"599\" src=\"http:\/\/project-master.igic.bas.bg\/wp-content\/uploads\/2024\/02\/442px-Logo_UCO.png\" alt=\"\" class=\"wp-image-26\" style=\"width:auto;height:150px\" srcset=\"http:\/\/project-master.igic.bas.bg\/wp-content\/uploads\/2024\/02\/442px-Logo_UCO.png 442w, http:\/\/project-master.igic.bas.bg\/wp-content\/uploads\/2024\/02\/442px-Logo_UCO-221x300.png 221w\" sizes=\"auto, (max-width: 442px) 100vw, 442px\" \/><\/a><\/figure>\n<\/div>\n\n\n<p class=\"has-text-align-center\"><strong><a href=\"https:\/\/www.uco.es\/internacional\/proyectosinternacionales\/2023\/09\/25\/master\/?lang=en\" data-type=\"link\" data-id=\"https:\/\/www.uco.es\/qieiq\/index.php\/miembros\/31-quimica-inorganica\" target=\"_blank\" rel=\"noreferrer noopener\">DICCE, University of<\/a><\/strong><br><a href=\"https:\/\/www.uco.es\/qieiq\/index.php\/miembros\/31-quimica-inorganica\" data-type=\"link\" data-id=\"https:\/\/www.uco.es\/qieiq\/index.php\/miembros\/31-quimica-inorganica\" target=\"_blank\" rel=\"noreferrer noopener\"><strong>Cordoba, Spain<\/strong><\/a><\/p>\n\n\n\n<p class=\"has-text-align-center addr-par\">Department of Inorganic Chemistry and Chemical Engineering, Marie Curie (C3), Ctra. (a) de Madrid, km 396, 14071-C\u00f3rdoba, Spain<\/p>\n\n\n<div class=\"wp-block-image is-style-rounded\">\n<figure class=\"aligncenter size-full\"><img loading=\"lazy\" decoding=\"async\" width=\"216\" height=\"216\" src=\"http:\/\/project-master.igic.bas.bg\/wp-content\/uploads\/2024\/09\/Tirado216x215.jpg\" alt=\"\" class=\"wp-image-187\" srcset=\"http:\/\/project-master.igic.bas.bg\/wp-content\/uploads\/2024\/09\/Tirado216x215.jpg 216w, http:\/\/project-master.igic.bas.bg\/wp-content\/uploads\/2024\/09\/Tirado216x215-150x150.jpg 150w\" sizes=\"auto, (max-width: 216px) 100vw, 216px\" \/><figcaption class=\"wp-element-caption\"><strong>Prof. Jose L. Tirado<\/strong><\/figcaption><\/figure>\n<\/div>\n\n<div class=\"wp-block-image is-style-rounded\">\n<figure class=\"aligncenter size-full\"><img loading=\"lazy\" decoding=\"async\" width=\"216\" height=\"216\" src=\"http:\/\/project-master.igic.bas.bg\/wp-content\/uploads\/2024\/09\/PLavella216x216.jpg\" alt=\"\" class=\"wp-image-188\" srcset=\"http:\/\/project-master.igic.bas.bg\/wp-content\/uploads\/2024\/09\/PLavella216x216.jpg 216w, http:\/\/project-master.igic.bas.bg\/wp-content\/uploads\/2024\/09\/PLavella216x216-150x150.jpg 150w\" sizes=\"auto, (max-width: 216px) 100vw, 216px\" \/><figcaption class=\"wp-element-caption\"><strong>Prof. Pedro Lavella<\/strong><\/figcaption><\/figure>\n<\/div><\/div>\n<\/div>\n<\/div>\n\n\n\n<div class=\"wp-block-column is-layout-flow wp-block-column-is-layout-flow\">\n<div class=\"wp-block-columns is-layout-flex wp-container-core-columns-is-layout-9d6595d7 wp-block-columns-is-layout-flex\">\n<div class=\"wp-block-column is-layout-flow wp-block-column-is-layout-flow\"><div class=\"wp-block-image\">\n<figure class=\"aligncenter size-full is-resized\"><a href=\"https:\/\/avesis.inonu.edu.tr\/\" target=\"_blank\" rel=\"noreferrer noopener\"><img loading=\"lazy\" decoding=\"async\" width=\"248\" height=\"248\" src=\"http:\/\/project-master.igic.bas.bg\/wp-content\/uploads\/2024\/09\/inonu_logo.png\" alt=\"\" class=\"wp-image-179\" style=\"width:auto;height:150px\" srcset=\"http:\/\/project-master.igic.bas.bg\/wp-content\/uploads\/2024\/09\/inonu_logo.png 248w, http:\/\/project-master.igic.bas.bg\/wp-content\/uploads\/2024\/09\/inonu_logo-150x150.png 150w\" sizes=\"auto, (max-width: 248px) 100vw, 248px\" \/><\/a><\/figure>\n<\/div>\n\n\n<p class=\"has-text-align-center\"><strong><a href=\"https:\/\/avesis.inonu.edu.tr\/\" data-type=\"link\" data-id=\"https:\/\/avesis.inonu.edu.tr\/\" target=\"_blank\" rel=\"noreferrer noopener\">Inonu University<\/a><\/strong><br><a href=\"https:\/\/avesis.inonu.edu.tr\/\" data-type=\"link\" data-id=\"https:\/\/avesis.inonu.edu.tr\/\" target=\"_blank\" rel=\"noreferrer noopener\"><strong>Malatya, Turkey<\/strong><\/a><\/p>\n\n\n\n<p class=\"has-text-align-center addr-par\">\u0130n\u00f6n\u00fc \u00dcniversitesi Bilimsel Ara\u015ft\u0131rma Projeleri Koordinasyon Birimi Rekt\u00f6rl\u00fck \u0130dari Bina, 6. Kat, 44280, Malatya, Turkey<\/p>\n\n\n<div class=\"wp-block-image is-style-rounded\">\n<figure class=\"aligncenter size-full\"><img loading=\"lazy\" decoding=\"async\" width=\"216\" height=\"216\" src=\"http:\/\/project-master.igic.bas.bg\/wp-content\/uploads\/2024\/09\/prof.SerdarAltin_Web215x216.jpg\" alt=\"\" class=\"wp-image-190\" srcset=\"http:\/\/project-master.igic.bas.bg\/wp-content\/uploads\/2024\/09\/prof.SerdarAltin_Web215x216.jpg 216w, http:\/\/project-master.igic.bas.bg\/wp-content\/uploads\/2024\/09\/prof.SerdarAltin_Web215x216-150x150.jpg 150w\" sizes=\"auto, (max-width: 216px) 100vw, 216px\" \/><figcaption class=\"wp-element-caption\"><strong>Prof. Serdar Altin<\/strong><\/figcaption><\/figure>\n<\/div>\n\n<div class=\"wp-block-image is-style-rounded\">\n<figure class=\"aligncenter size-full\"><img loading=\"lazy\" decoding=\"async\" width=\"216\" height=\"216\" src=\"http:\/\/project-master.igic.bas.bg\/wp-content\/uploads\/2024\/09\/prof.Sevda-Avci216x216.jpg\" alt=\"\" class=\"wp-image-191\" srcset=\"http:\/\/project-master.igic.bas.bg\/wp-content\/uploads\/2024\/09\/prof.Sevda-Avci216x216.jpg 216w, http:\/\/project-master.igic.bas.bg\/wp-content\/uploads\/2024\/09\/prof.Sevda-Avci216x216-150x150.jpg 150w\" sizes=\"auto, (max-width: 216px) 100vw, 216px\" \/><figcaption class=\"wp-element-caption\"><strong>Prof. Sevda Avci<\/strong><\/figcaption><\/figure>\n<\/div><\/div>\n\n\n\n<div class=\"wp-block-column is-layout-flow wp-block-column-is-layout-flow\"><div class=\"wp-block-image\">\n<figure class=\"aligncenter size-full is-resized\"><img loading=\"lazy\" decoding=\"async\" width=\"225\" height=\"224\" src=\"http:\/\/project-master.igic.bas.bg\/wp-content\/uploads\/2024\/10\/images.png\" alt=\"\" class=\"wp-image-425\" style=\"width:auto;height:150px\" srcset=\"http:\/\/project-master.igic.bas.bg\/wp-content\/uploads\/2024\/10\/images.png 225w, http:\/\/project-master.igic.bas.bg\/wp-content\/uploads\/2024\/10\/images-150x150.png 150w\" sizes=\"auto, (max-width: 225px) 100vw, 225px\" \/><\/figure>\n<\/div>\n\n\n<p class=\"has-text-align-center\"><a href=\"https:\/\/chem.bogazici.edu.tr\/people\/mehmet-nurullah-ates\" data-type=\"link\" data-id=\"https:\/\/rute.tubitak.gov.tr\/en\/\" target=\"_blank\" rel=\"noreferrer noopener\"><strong>Bo\u011fazi\u00e7i University, Istanbul, Turkey<\/strong><\/a><\/p>\n\n\n\n<p class=\"has-text-align-center addr-par\">Bo\u011fazi\u00e7i University, Department of Chemistry, Bebek, 34342 Istanbul-Turkey<\/p>\n\n\n<div class=\"wp-block-image is-style-rounded\">\n<figure class=\"aligncenter size-full\"><img loading=\"lazy\" decoding=\"async\" width=\"219\" height=\"216\" src=\"http:\/\/project-master.igic.bas.bg\/wp-content\/uploads\/2024\/09\/Mehmet-Nurullah-ATES216x216.jpg\" alt=\"\" class=\"wp-image-377\"\/><figcaption class=\"wp-element-caption\"><strong>Assist. Pr\u043ef. Mehmet Nurullah ATE\u015e<\/strong><\/figcaption><\/figure>\n<\/div>\n\n<div class=\"wp-block-image is-style-rounded\">\n<figure class=\"aligncenter size-full\"><img loading=\"lazy\" decoding=\"async\" width=\"216\" height=\"216\" src=\"http:\/\/project-master.igic.bas.bg\/wp-content\/uploads\/2024\/09\/Ridvan-Demiryurek-216x216-1.png\" alt=\"\" class=\"wp-image-378\" srcset=\"http:\/\/project-master.igic.bas.bg\/wp-content\/uploads\/2024\/09\/Ridvan-Demiryurek-216x216-1.png 216w, http:\/\/project-master.igic.bas.bg\/wp-content\/uploads\/2024\/09\/Ridvan-Demiryurek-216x216-1-150x150.png 150w\" sizes=\"auto, (max-width: 216px) 100vw, 216px\" \/><figcaption class=\"wp-element-caption\"><strong>Senior Researcher R\u0131dvan Demiry\u00fcrek<\/strong>&nbsp;<\/figcaption><\/figure>\n<\/div><\/div>\n<\/div>\n<\/div>\n<\/div>\n\n\n\n<blockquote class=\"wp-block-quote is-layout-flow wp-block-quote-is-layout-flow\">\n<p class=\"has-medium-font-size\"><strong><em>Mastering Electrode Surface to Achieve Ultra-High Reversible Capacity<\/em><\/strong><\/p>\n<\/blockquote>\n\n\n\n<p><\/p>\n","protected":false},"excerpt":{"rendered":"<p>IGIC, Bulgarian Academy of Sciences, Bulgaria Institute of General and Inorganic Chemistry, Bulgarian Academy of Sciences, 1113 Sofia \u201cAcad. Georgi Bonchev\u201d str. bld.11, Bulgaria DICCE, University ofCordoba, Spain Department of Inorganic Chemistry and Chemical Engineering, Marie Curie (C3), Ctra. (a) de Madrid, km 396, 14071-C\u00f3rdoba, Spain Inonu UniversityMalatya, Turkey \u0130n\u00f6n\u00fc \u00dcniversitesi Bilimsel Ara\u015ft\u0131rma Projeleri Koordinasyon<span class=\"post-excerpt-end\">&hellip;<\/span><\/p>\n<p class=\"more-link\"><a href=\"http:\/\/project-master.igic.bas.bg\/?page_id=83\" class=\"themebutton\">Read More<\/a><\/p>\n","protected":false},"author":2,"featured_media":0,"parent":0,"menu_order":0,"comment_status":"closed","ping_status":"closed","template":"","meta":{"footnotes":""},"class_list":["post-83","page","type-page","status-publish","hentry"],"_links":{"self":[{"href":"http:\/\/project-master.igic.bas.bg\/index.php?rest_route=\/wp\/v2\/pages\/83","targetHints":{"allow":["GET"]}}],"collection":[{"href":"http:\/\/project-master.igic.bas.bg\/index.php?rest_route=\/wp\/v2\/pages"}],"about":[{"href":"http:\/\/project-master.igic.bas.bg\/index.php?rest_route=\/wp\/v2\/types\/page"}],"author":[{"embeddable":true,"href":"http:\/\/project-master.igic.bas.bg\/index.php?rest_route=\/wp\/v2\/users\/2"}],"replies":[{"embeddable":true,"href":"http:\/\/project-master.igic.bas.bg\/index.php?rest_route=%2Fwp%2Fv2%2Fcomments&post=83"}],"version-history":[{"count":43,"href":"http:\/\/project-master.igic.bas.bg\/index.php?rest_route=\/wp\/v2\/pages\/83\/revisions"}],"predecessor-version":[{"id":441,"href":"http:\/\/project-master.igic.bas.bg\/index.php?rest_route=\/wp\/v2\/pages\/83\/revisions\/441"}],"wp:attachment":[{"href":"http:\/\/project-master.igic.bas.bg\/index.php?rest_route=%2Fwp%2Fv2%2Fmedia&parent=83"}],"curies":[{"name":"wp","href":"https:\/\/api.w.org\/{rel}","templated":true}]}}